{"id":114,"date":"2020-09-03T08:25:25","date_gmt":"2020-09-03T08:25:25","guid":{"rendered":"http:\/\/demo.vivathemes.com\/themes\/getaway\/?page_id=2"},"modified":"2025-10-06T11:21:26","modified_gmt":"2025-10-06T09:21:26","slug":"sample-page","status":"publish","type":"page","link":"https:\/\/iutmagazine.fr\/index.php\/sample-page\/","title":{"rendered":"Les partenaires d&rsquo;IUT Mag&rsquo;"},"content":{"rendered":"\n<p>Dans le cadre de <strong>la sa\u00e9 Vente du second semestre<\/strong> les \u00e9tudiants <strong>de premi\u00e8re ann\u00e9e<\/strong> ont pour mission de vendre des encarts publicitaires et \/ou mettre en place des partenariats avec notre magazine.&nbsp;L&rsquo;argent r\u00e9colt\u00e9 sert \u00e0  financer la r\u00e9alisation et la diffusion.<\/p>\n\n\n\n<p>Une nouvelle fois IUT Mag\u2019 permet d\u2019appliquer ce qui est vu en cours. Cet exercice est pilot\u00e9 par la professeure de\u00a0<strong>n\u00e9gociation<\/strong>, <strong>Fran\u00e7oise VIALLON<\/strong>.<\/p>\n\n\n\n<p>Vous trouverez au fil des pages du blog les encarts de tous les annonceurs et\/ou partenaires (avec un lien d\u2019acc\u00e8s \u00e0 leur page) qui ont particip\u00e9\u00a0<strong>\u00e0 l\u2019\u00e9dition 2025 d\u2019IUT Mag\u2019<\/strong>.<\/p>\n\n\n\n<h5 class=\"wp-block-heading\"><strong>Merci \u00e0 nos  partenaires de la vingti\u00e8me \u00e9dition !<\/strong><\/h5>\n\n\n\n<figure class=\"wp-block-table\"><table class=\"has-cyan-bluish-gray-background-color has-background has-fixed-layout\"><tbody><tr><td>CREDIT agricole<br>CENTRE AUTO BERGSON<br>ESPACE CARDIO<br>ECOLE CONDUITE NEPTUNE<br>LOJAC SAS<br>ELAN SPORT<br>ABC Services \u00e0 la personne<br>BERGSON NUTRITION<br>IS INSTITUT<br>SARL 2YCR<br>CARNOT VIANDES<br>AUTO ECOLE LIBERATION<br>GBP PRODUCTION<br>BOUCHERIE DESHORS<br>NYA FOOD \/Pizza lif<br>LE PETRIN DE LILY<br>ENJOY TACOS<br>CENTURY21<br>HM PHONE<br>BOULANGERIE DES ALLIES<br>ZORHA COIFFURE<br>KRAMDI BOUCHERIE<br>FAMILY CINEMA<br>AU VERRE A SOI<br>MICHEL COIFFURE<br>LISAIA JEWELS<br>SQUARE PERFORMANCE<br>KTM GASGAS<br>CROSSROADS TAVERN<br>DIAMANT MOTOS<br>CUBE TV St Etienne<br>ETS BARRALLON HORTICULTURE<br>MMA<br>TTB (Tip Top Bellevue)<br>EURL PARADISO<br>BOSPHORUS<br>SARL CHOCOPAIN -la p\u00e9trie st\u00e9phanoise<br>COIFFURE CHANCELADE<br>AU GRILLON<br>PEOPLE PHONE<br>LA LIBERTE GYM<br>MAISON RAVEL<br>MASCLET Lucas<br>PLANET MONETIC<br>ROCHETTE IMMOBILIER<br>LE PORTO<br>EXTERT CENTRE AUTO<br>LA PETITE BOITE A BIJOUX<br>L&rsquo;INSTANT COIFFURE<br>BRASSERIE ALTA MONTE<br>MZ STUDIO<br>GLOOD COOKIES<br>OPTIQUE DES URSULES<br>AUTOCARS CHAZOT<br>MK FUTURE 42-CAMPUS TACOS<br>AM FOOD<br>POINT CODE<br>IMMO DE France<br>VERO ESTHETIQUE- LE TEMPLE DU BIEN ETRE<br>LE CLEOPATRE<br>CHICKENSTREET<br>LA BOGEDA<br>L&rsquo;HERBE DOUCE<br>BANGKOK FACTORY<br>LA BROCHEF<br>RESTAURANT CHROMOSOME<br>LA CAVE JOVIN<br>C&rsquo;KELPROD<br>E-KARTIN<br>BOUCHERIE GAD<br>BK FLOWERS<br>LA CABANE<\/td><\/tr><\/tbody><\/table><\/figure>\n\n\n\n<p><br><\/p>\n\n\n\n<p>&#8211;<\/p>\n\n\n\n<p><\/p>\n","protected":false},"excerpt":{"rendered":"<p>Dans le cadre de la sa\u00e9 Vente du second semestre les \u00e9tudiants de premi\u00e8re ann\u00e9e ont pour mission de vendre des encarts publicitaires et \/ou mettre en place des partenariats avec notre magazine.\u00a0<\/p>\n<p>L&rsquo;argent r\u00e9colt\u00e9 sert \u00e0  financer sa r\u00e9alisation <\/p>\n","protected":false},"author":1,"featured_media":691,"parent":0,"menu_order":0,"comment_status":"closed","ping_status":"open","template":"template-full-width.php","meta":{"footnotes":""},"class_list":["post-114","page","type-page","status-publish","has-post-thumbnail","hentry"],"_links":{"self":[{"href":"https:\/\/iutmagazine.fr\/index.php\/wp-json\/wp\/v2\/pages\/114","targetHints":{"allow":["GET"]}}],"collection":[{"href":"https:\/\/iutmagazine.fr\/index.php\/wp-json\/wp\/v2\/pages"}],"about":[{"href":"https:\/\/iutmagazine.fr\/index.php\/wp-json\/wp\/v2\/types\/page"}],"author":[{"embeddable":true,"href":"https:\/\/iutmagazine.fr\/index.php\/wp-json\/wp\/v2\/users\/1"}],"replies":[{"embeddable":true,"href":"https:\/\/iutmagazine.fr\/index.php\/wp-json\/wp\/v2\/comments?post=114"}],"version-history":[{"count":61,"href":"https:\/\/iutmagazine.fr\/index.php\/wp-json\/wp\/v2\/pages\/114\/revisions"}],"predecessor-version":[{"id":1362,"href":"https:\/\/iutmagazine.fr\/index.php\/wp-json\/wp\/v2\/pages\/114\/revisions\/1362"}],"wp:featuredmedia":[{"embeddable":true,"href":"https:\/\/iutmagazine.fr\/index.php\/wp-json\/wp\/v2\/media\/691"}],"wp:attachment":[{"href":"https:\/\/iutmagazine.fr\/index.php\/wp-json\/wp\/v2\/media?parent=114"}],"curies":[{"name":"wp","href":"https:\/\/api.w.org\/{rel}","templated":true}]}}