{"id":180,"date":"2023-12-29T17:14:40","date_gmt":"2023-12-29T16:14:40","guid":{"rendered":"https:\/\/iutmagazine.fr\/?page_id=180"},"modified":"2025-10-05T19:52:54","modified_gmt":"2025-10-05T17:52:54","slug":"quand-tc-fait-de-ses-etudiants-les-reporters-du-departement-et-de-liut","status":"publish","type":"page","link":"https:\/\/iutmagazine.fr\/index.php\/quand-tc-fait-de-ses-etudiants-les-reporters-du-departement-et-de-liut\/","title":{"rendered":"Quand TC fait de ses \u00e9tudiants les reporters du d\u00e9partement et de l&rsquo;IUT&#8230;"},"content":{"rendered":"\n<h3 class=\"wp-block-heading\">1. Un magazine d\u2019\u00e9tudiants<\/h3>\n\n\n\n<p><strong>L\u2019IUT Mag est un magazine annuel<\/strong>&nbsp;de quarante pages. Il est \u00e9dit\u00e9 \u00e0 1 500 exemplaires. Il para\u00eet d\u00e9but octobre . Il est n\u00e9 en 2007, \u00e0 l\u2019initiative de <strong>Claude Fournier, enseignante en expression-communication<\/strong>, et a toujours \u00e9t\u00e9 r\u00e9alis\u00e9 enti\u00e8rement par les \u00e9tudiants de Techniques de Commercialisation.<\/p>\n\n\n\n<p>Il propose un floril\u00e8ge d\u2019articles d\u2019une page et un dossier central de 4 pages. Les sujets sont d\u2019actualit\u00e9 et tr\u00e8s diversifi\u00e9s&nbsp;: ils sont en lien avec la vie \u00e9tudiante \u00e0 St Etienne, sur le Campus de l\u2019IUT, ou au sein du d\u00e9partement Techniques de commercialisation. Ils sont en relation avec les pr\u00e9occupations quotidiennes des \u00e9tudiants, ils peuvent aussi refl\u00e9ter leur&nbsp; lecture de l\u2019actualit\u00e9 sociale, culturelle, politique, internationale\u2026 La ligne \u00e9ditoriale du magazine concerne le&nbsp;<strong>monde \u00e9tudiant st\u00e9phanois<\/strong>.<\/p>\n\n\n\n<p>Son lectorat est majoritairement constitu\u00e9 des \u00e9tudiants pr\u00e9sents, et \u00e0 venir, de l\u2019IUT (puisque le magazine est distribu\u00e9 lors de sa sortie fin septembre, \u00e0 l\u2019occasion des diff\u00e9rentes Journ\u00e9es Portes ouvertes de l\u2019IUT, mais aussi lors des divers salons de l\u2019enseignement sup\u00e9rieur). Le personnel de l\u2019IUT peut aussi s\u2019int\u00e9resser \u00e0 cette photographie du monde \u00e9tudiant de l\u2019IUT de St Etienne.<\/p>\n\n\n\n<h2 class=\"wp-block-heading\">2. Un projet p\u00e9dagogique interdisciplinaire<\/h2>\n\n\n\n<p>La conception du magazine est encadr\u00e9e par les professeurs du d\u00e9partement. Le projet se d\u00e9roule dor\u00e9navant dans le&nbsp;<strong>cadre de la sa\u00e9<\/strong>&nbsp;du 2<sup>\u00e8me<\/sup>&nbsp;semestre. Initi\u00e9s \u00e0 l\u2019\u00e9criture journalistique, les \u00e9tudiants choisissent les sujets des articles, m\u00e8nent leurs investigations, et proposent une premi\u00e8re version en mai.<br>Une pr\u00e9s\u00e9lection des travaux les plus int\u00e9ressants est r\u00e9alis\u00e9e par la professeure d\u2019expression-communication. Elle est soumise fin juin au comit\u00e9 de r\u00e9daction compos\u00e9 de professeurs et d\u2019\u00e9tudiants de 1<sup>\u00e8me<\/sup>&nbsp;ann\u00e9e, qui d\u00e9cide de la s\u00e9lection d\u00e9finitive. Un nouveau travail de relecture, et de correction intervient. Il est cette fois-ci enti\u00e8rement assum\u00e9 par la professeure d\u2019expression-Communication.<\/p>\n\n\n\n<p>Pour la r\u00e9alisation des pages d\u2019articles,&nbsp;<strong>les cours de photographie ainsi que de bureautique<\/strong> dispens\u00e9s au premier semestre sont largement sollicit\u00e9s.<\/p>\n\n\n\n<p>Afin de pouvoir financer l\u2019impression du magazine, les \u00e9tudiants de S1 ont pour mission de vendre des encarts publicitaires et \/ou mettre en place des partenariats avec notre magazine toujours dans le cadre de la sa\u00e9. Ce nouvel exercice est pilot\u00e9 par la professeure de&nbsp;<strong>n\u00e9gociation<\/strong>.<\/p>\n\n\n\n<p>D\u00e9but septembre, nous disposons enfin de tous les \u00e9l\u00e9ments (publicit\u00e9s, articles, images, br\u00e8ves de derni\u00e8re minute glan\u00e9es aupr\u00e8s des d\u00e9partements) pour r\u00e9aliser la maquette. Elle est alors compos\u00e9e par l\u2019enseignante de communication commerciale, ancienne \u00e9tudiante de TC d&rsquo;ailleurs. Apr\u00e8s moultes relectures, fin septembre le num\u00e9ro est pr\u00eat&nbsp;!<\/p>\n\n\n\n<h2 class=\"wp-block-heading\">3. Un outil de communication et la preuve d\u2019un savoir-faire<\/h2>\n\n\n\n<p>Ce magazine\/blog repr\u00e9sente un pr\u00e9cieux outil de communication sur le savoir-faire des \u00e9tudiants de Techniques de Commercialisation. Il apporte les preuves de leurs capacit\u00e9s en mati\u00e8re de recherche et de traitement de l\u2019information, de n\u00e9gociation, et de conception infographique. A ce titre il est distribu\u00e9 syst\u00e9matiquement aux partenaires entreprises du d\u00e9partement de Techniques de commercialisation (ma\u00eetre(sse)s de stage, tuteur\/trices, annonceur(e)s\u2026).<\/p>\n\n\n\n<p>C\u2019est aussi un outil de communication pour l\u2019IUT de St Etienne puisqu\u2019il offre une photographie de la vie et des pr\u00e9occupations des usagers du campus st\u00e9phanois.<\/p>\n\n\n\n<h2 class=\"wp-block-heading\">4. Acteurs et actrices du projet&nbsp;:<\/h2>\n\n\n\n<ul class=\"wp-block-list\">\n<li><strong>les \u00e9tudiants du d\u00e9partement TC<\/strong>&nbsp;<\/li>\n<\/ul>\n\n\n\n<figure class=\"wp-block-image size-full\"><img decoding=\"async\" src=\"https:\/\/iutmagazine.fr\/wp-content\/uploads\/2024\/09\/BUT11Octobre2021-0141-scaled.jpg\" alt=\"\" class=\"wp-image-725\"\/><\/figure>\n\n\n\n<ul class=\"wp-block-list\">\n<li>directeur de publication&nbsp;:&nbsp;<strong>Fran\u00e7oise VIALLON<\/strong>&nbsp;;<\/li>\n<\/ul>\n\n\n\n<ul class=\"wp-block-list\">\n<li>responsables p\u00e9dagogiques\u00a0:\u00a0<strong>Aude D\u00e9sert<\/strong>\u00a0(encadrement \u00e9criture journalistique),\u00a0<strong>Catherine Fasang<\/strong>\u00a0(encadrement PAO et blog),\u00a0<strong>Fran\u00e7oise Viallon<\/strong>\u00a0(encadrement recherche d\u2019annonceurs)\u00a0;<\/li>\n<\/ul>\n\n\n\n<ul class=\"wp-block-list\">\n<li>conception et infographie&nbsp;:&nbsp;<strong>Coline Mallet<\/strong>&nbsp;;<\/li>\n<\/ul>\n\n\n\n<ul class=\"wp-block-list\">\n<li>contact et suivi des annonceurs&nbsp;:<strong>&nbsp;Youri Gentet<\/strong>&nbsp;et&nbsp;<strong>Laurent Arrou\u00e8s<\/strong>.<\/li>\n<\/ul>\n\n\n\n<p><em>Le projet IUT Mag\u2019 a le m\u00e9rite de mobiliser concr\u00e8tement une multitude de comp\u00e9tences transversales. Il pr\u00e9sente ainsi une multitude d\u2019atouts, qui font de lui une r\u00e9alisation pr\u00e9cieuse du d\u00e9partement de Techniques de Commercialisation de l\u2019IUT de St Etienne.<\/em><\/p>\n\n\n\n<p><\/p>\n\n\n\n<div class=\"wp-block-buttons is-content-justification-center is-layout-flex wp-container-core-buttons-is-layout-16018d1d wp-block-buttons-is-layout-flex\">\n<div class=\"wp-block-button\"><a class=\"wp-block-button__link wp-element-button\" href=\"https:\/\/iutmagazine.fr\/index.php\/category\/blog\/\">Tous les articles du Blog par date de publication<\/a><\/div>\n<\/div>\n","protected":false},"excerpt":{"rendered":"<p>1. Un magazine d\u2019\u00e9tudiants L\u2019IUT Mag est un magazine annuel&nbsp;de quarante pages. Il est \u00e9dit\u00e9 \u00e0 1 500 exemplaires. Il para\u00eet d\u00e9but octobre . Il est n\u00e9 en 2007, \u00e0 l\u2019initiative de Claude Fournier, enseignante en expression-communication, et<\/p>\n","protected":false},"author":1,"featured_media":0,"parent":0,"menu_order":0,"comment_status":"closed","ping_status":"closed","template":"template-full-width.php","meta":{"footnotes":""},"class_list":["post-180","page","type-page","status-publish","hentry"],"_links":{"self":[{"href":"https:\/\/iutmagazine.fr\/index.php\/wp-json\/wp\/v2\/pages\/180","targetHints":{"allow":["GET"]}}],"collection":[{"href":"https:\/\/iutmagazine.fr\/index.php\/wp-json\/wp\/v2\/pages"}],"about":[{"href":"https:\/\/iutmagazine.fr\/index.php\/wp-json\/wp\/v2\/types\/page"}],"author":[{"embeddable":true,"href":"https:\/\/iutmagazine.fr\/index.php\/wp-json\/wp\/v2\/users\/1"}],"replies":[{"embeddable":true,"href":"https:\/\/iutmagazine.fr\/index.php\/wp-json\/wp\/v2\/comments?post=180"}],"version-history":[{"count":16,"href":"https:\/\/iutmagazine.fr\/index.php\/wp-json\/wp\/v2\/pages\/180\/revisions"}],"predecessor-version":[{"id":1304,"href":"https:\/\/iutmagazine.fr\/index.php\/wp-json\/wp\/v2\/pages\/180\/revisions\/1304"}],"wp:attachment":[{"href":"https:\/\/iutmagazine.fr\/index.php\/wp-json\/wp\/v2\/media?parent=180"}],"curies":[{"name":"wp","href":"https:\/\/api.w.org\/{rel}","templated":true}]}}