{"id":197,"date":"2023-12-29T17:51:32","date_gmt":"2023-12-29T16:51:32","guid":{"rendered":"https:\/\/iutmagazine.fr\/?page_id=197"},"modified":"2025-08-21T11:55:10","modified_gmt":"2025-08-21T09:55:10","slug":"ledito-par-aude-desert","status":"publish","type":"page","link":"https:\/\/iutmagazine.fr\/index.php\/ledito-par-aude-desert\/","title":{"rendered":"L&rsquo;\u00e9dito par Aude DESERT"},"content":{"rendered":"\n<p>A l\u2019heure de l\u2019expansion irr\u00e9sistible de l\u2019usage des IA dans tous les domaines, l\u2019IUT de Saint-Etienne et le d\u00e9partement TC ont l\u2019audace de <strong>replacer l\u2019humain au centre du village\u00a0!<\/strong> Ce 20\u00e8 num\u00e9ro de\u00a0<em>l\u2019IUT Mag\u2019<\/em>\u00a0vous le montrera\u2026<\/p>\n\n\n\n<p>Parce que <strong>l\u2019humain, c\u2019est de vrais r\u00e9seaux sociaux non num\u00e9riques en chair et en os\u00a0!<\/strong> <\/p>\n\n\n\n<p>Quoi de plus humain qu\u2019une belle f\u00eate dans un lieu mythique pour c\u00e9l\u00e9brer les premiers dipl\u00f4m\u00e9-es du BUT\u00a0? Non seulement la soir\u00e9e fut formidable, mais elle fut aussi <strong>un moment pr\u00e9cieux de partage de nouvelles, de coordonn\u00e9es, d\u2019engagement \u00e0 se recontacter<\/strong>. Pascal Galonnet le savait bien. Peu bavard sur le net, l\u2019ex chef du d\u00e9partement TC, \u00e0 la retraite en septembre 2025, ne ratait pas une manifestation du monde entrepreneurial st\u00e9phanois pour parler de TC et entretenir la confiance envers nos \u00e9tudiants.<\/p>\n\n\n\n<p><strong>Parce que l\u2019humain, c\u2019est la solidarit\u00e9 concr\u00e8te.<\/strong> Celle qui se manifeste \u00e0 travers\u00a0:<\/p>\n\n\n\n<p>&#8211; tous les <strong>dispositifs d\u2019int\u00e9gration des nouveaux \u00e9tudiants<\/strong> fran\u00e7ais et \u00e9trangers de notre ville, notre universit\u00e9 et notre IUT\u00a0;<\/p>\n\n\n\n<p>&#8211; et <strong>l\u2019action continue<\/strong>, discr\u00e8te, b\u00e9n\u00e9vole, mais cruciale <strong>du FAS <\/strong>(fonds d\u2019aide sociale).<\/p>\n\n\n\n<p>Parce que<strong> l\u2019humain, c\u2019est le pouvoir de l\u2019originalit\u00e9, de la lenteur assum\u00e9e voire choisie, de la surprise, de la cr\u00e9ativit\u00e9<\/strong>\u2026 C\u2019est le pouvoir d\u2019aller \u00e0 contre-courant de modes de vie toujours plus \u00e9nergivores en choisissant des mobilit\u00e9s douces telles que le v\u00e9lo, en choisissant d\u2019oublier son smartphone\u2026<\/p>\n\n\n\n<p>\u2026Le temps de la lecture de ce 20\u00e8 num\u00e9ro, en papier, de votre fid\u00e8le&nbsp;<em>IUT Mag\u2019<\/em>&nbsp;!<\/p>\n\n\n\n<p><\/p>\n\n\n\n<p class=\"has-luminous-vivid-orange-color has-text-color has-link-color wp-elements-75e9445f87e07c9380db117df590b08e\">Bonne pause\u00a0! Bonne lecture\u00a0!<\/p>\n\n\n\n<div class=\"wp-block-group alignfull has-text-color has-background\" style=\"color:#000000;background-color:#ffffff\"><div class=\"wp-block-group__inner-container is-layout-flow wp-block-group-is-layout-flow\">\n<div class=\"wp-block-buttons is-horizontal is-content-justification-center is-layout-flex wp-container-core-buttons-is-layout-499968f5 wp-block-buttons-is-layout-flex\">\n<div class=\"wp-block-button has-custom-width wp-block-button__width-50\"><a class=\"wp-block-button__link has-text-color has-background wp-element-button\" href=\"https:\/\/iutmagazine.fr\/index.php\/category\/blog\/\" style=\"border-radius:50px;color:#ffffff;background-color:#000000\">acces \u00e0 tous les articles du blog IUT Mag&rsquo;<\/a><\/div>\n<\/div>\n\n\n\n<div style=\"height:64px\" aria-hidden=\"true\" class=\"wp-block-spacer\"><\/div>\n<\/div><\/div>\n","protected":false},"excerpt":{"rendered":"<p>A l\u2019heure de l\u2019expansion irr\u00e9sistible de l\u2019usage des IA dans tous les domaines, l\u2019IUT de Saint-Etienne et le d\u00e9partement TC ont l\u2019audace de replacer l\u2019humain au centre du village\u00a0! Ce 20\u00e8 num\u00e9ro de\u00a0l\u2019IUT Mag\u2019\u00a0vous le montrera\u2026<br \/>\nParce que l\u2019humain, c\u2019est de vrais r\u00e9seaux sociaux non num\u00e9riques en chair et en os\u00a0!<\/p>\n","protected":false},"author":1,"featured_media":1112,"parent":0,"menu_order":0,"comment_status":"closed","ping_status":"closed","template":"template-full-width.php","meta":{"footnotes":""},"class_list":["post-197","page","type-page","status-publish","has-post-thumbnail","hentry"],"_links":{"self":[{"href":"https:\/\/iutmagazine.fr\/index.php\/wp-json\/wp\/v2\/pages\/197","targetHints":{"allow":["GET"]}}],"collection":[{"href":"https:\/\/iutmagazine.fr\/index.php\/wp-json\/wp\/v2\/pages"}],"about":[{"href":"https:\/\/iutmagazine.fr\/index.php\/wp-json\/wp\/v2\/types\/page"}],"author":[{"embeddable":true,"href":"https:\/\/iutmagazine.fr\/index.php\/wp-json\/wp\/v2\/users\/1"}],"replies":[{"embeddable":true,"href":"https:\/\/iutmagazine.fr\/index.php\/wp-json\/wp\/v2\/comments?post=197"}],"version-history":[{"count":21,"href":"https:\/\/iutmagazine.fr\/index.php\/wp-json\/wp\/v2\/pages\/197\/revisions"}],"predecessor-version":[{"id":1128,"href":"https:\/\/iutmagazine.fr\/index.php\/wp-json\/wp\/v2\/pages\/197\/revisions\/1128"}],"wp:featuredmedia":[{"embeddable":true,"href":"https:\/\/iutmagazine.fr\/index.php\/wp-json\/wp\/v2\/media\/1112"}],"wp:attachment":[{"href":"https:\/\/iutmagazine.fr\/index.php\/wp-json\/wp\/v2\/media?parent=197"}],"curies":[{"name":"wp","href":"https:\/\/api.w.org\/{rel}","templated":true}]}}