{"id":456,"date":"2020-09-02T10:21:00","date_gmt":"2020-09-02T08:21:00","guid":{"rendered":"https:\/\/iutmagazine.fr\/?page_id=456"},"modified":"2025-08-23T13:58:11","modified_gmt":"2025-08-23T11:58:11","slug":"breves-des-departements","status":"publish","type":"page","link":"https:\/\/iutmagazine.fr\/index.php\/breves-des-departements\/","title":{"rendered":"En bref, l&rsquo;actualit\u00e9 des d\u00e9partements"},"content":{"rendered":"\n<h2 class=\"wp-block-heading\"><strong>Br\u00e8ves des d\u00e9partements<\/strong><\/h2>\n\n\n\n<p><strong>D\u00e9partement GACO<\/strong><\/p>\n\n\n\n<p>Du 10 au 15 mars 2025&nbsp;les 22 jeunes de <strong>BUT3 GACO parcours MDFS<\/strong> ont eu le plaisir d\u2019<strong>accueillir huit \u00e9tudiant-es et deux enseignant-es de l\u2019universit\u00e9 de Grenade. <\/strong>Du 19 au 24 mai, c\u2019\u00e9tait Grenade qui les invitait pour clore un projet commun.<\/p>\n\n\n\n<p>Il s\u2019agissait&nbsp;d\u2019<strong>un jeu d\u2019entreprise <\/strong>dans lequel les \u00e9tudiant-es devaient g\u00e9rer un h\u00f4tel dans toutes ses dimensions op\u00e9rationnelles. <strong>Cette exp\u00e9rience immersive <\/strong>leur a permis de mobiliser des comp\u00e9tences transversales en gestion, management et prise de d\u00e9cisions en contexte international. <\/p>\n\n\n\n<p>D\u00e9but\u00e9 en mars avec les \u00e9tudiant-es espagnol-es venu-es \u00e0 Saint-\u00c9tienne, le jeu s\u2019est poursuivi par des sessions de travail \u00e0 distance, et s\u2019est conclu \u00e0 Grenade avec des pr\u00e9sentations orales, un quiz de restitution et de belles activit\u00e9s culturelles !<\/p>\n\n\n\n<p>Bravo \u00e0 tous les \u00e9tudiant-es pour leur implication et leur professionnalisme tout au long de cette belle aventure franco-espagnole !&nbsp;<\/p>\n\n\n<div class=\"wp-block-image\">\n<figure class=\"aligncenter size-large is-resized\"><img loading=\"lazy\" decoding=\"async\" width=\"768\" height=\"1024\" src=\"https:\/\/iutmagazine.fr\/wp-content\/uploads\/2025\/08\/photoGACO-768x1024.jpg\" alt=\"\" class=\"wp-image-1130\" style=\"width:459px;height:auto\" srcset=\"https:\/\/iutmagazine.fr\/wp-content\/uploads\/2025\/08\/photoGACO-768x1024.jpg 768w, https:\/\/iutmagazine.fr\/wp-content\/uploads\/2025\/08\/photoGACO-225x300.jpg 225w, https:\/\/iutmagazine.fr\/wp-content\/uploads\/2025\/08\/photoGACO-1152x1536.jpg 1152w, https:\/\/iutmagazine.fr\/wp-content\/uploads\/2025\/08\/photoGACO-1536x2048.jpg 1536w, https:\/\/iutmagazine.fr\/wp-content\/uploads\/2025\/08\/photoGACO-scaled.jpg 1920w\" sizes=\"auto, (max-width: 768px) 100vw, 768px\" \/><\/figure><\/div>\n\n\n<p><\/p>\n\n\n\n<hr class=\"wp-block-separator has-alpha-channel-opacity\"\/>\n\n\n\n<p><strong>D\u00e9partement TC<\/strong><\/p>\n\n\n\n<p>Mercredi&nbsp;8 juillet dernier, l\u2019IUT accueillait <strong>la 3e \u00e9dition de la rencontre annuelle entreprises-recherche #DigitalDesign2025.<\/strong> <\/p>\n\n\n\n<p>Ces rencontres sont organis\u00e9es par Andria Andriuzzi, enseignant-chercheur en marketing rattach\u00e9 au d\u00e9partement TC. Il a \u00e9t\u00e9 aid\u00e9 par une \u00e9tudiante de 2e ann\u00e9e en stage dans son laboratoire de recherche, COACTIS. <\/p>\n\n\n\n<p>L\u2019\u00e9v\u00e9nement a rassembl\u00e9, sur <strong>la th\u00e9matique \u00ab Innover dans le commerce avec l\u2019IA \u00bb,<\/strong> des sp\u00e9cialistes universitaires (Kamel Jedidi, professeur \u00e0 Columbia University, Catherine Wable, enseignante en TC\u2026) et des experts du commerce et de l&rsquo;industrie (Sylvain Bruy\u00e8re de CadoMaestro, l\u2019ing\u00e9nieur Sa\u00efd Mellouki\u2026). <\/p>\n\n\n\n<p>Quoi de mieux qu\u2019une matin\u00e9e associant conf\u00e9rence, table ronde et atelier pour mieux envisager l\u2019usage des IA dans le monde professionnel ? Malgr\u00e9 la date tardive, certains \u00e9tudiants ont fait le d\u00e9placement et n\u2019ont pas \u00e9t\u00e9 d\u00e9\u00e7us !<br>Quelques citations \u00e0 retenir :<br><em>\u00ab L\u2019algorithme, c\u2019est ce qu\u2019on a entre les deux oreilles. La base de donn\u00e9es, c\u2019est notre exp\u00e9rience. \u00bb<br>\u00ab Attention au GIGO : Garbage In, Garbage Out. \u00bb<\/em>&nbsp;\u279e&nbsp;Si tu nourris mal ton mod\u00e8le algorithmique, il n\u2019en sortira rien de bon.<br><em>\u00ab Il ne faut pas attendre que les mod\u00e8les soient parfaits pour s\u2019y mettre.\u00bb<\/em><br><em>\u00ab Avec l\u2019IA, la valeur ajout\u00e9e, c\u2019est l\u2019humain \u00bb.<\/em>&nbsp;Gardons-nous de l&rsquo;inverse!<\/p>\n\n\n\n<p><\/p>\n\n\n<div class=\"wp-block-image\">\n<figure class=\"aligncenter size-large\"><img loading=\"lazy\" decoding=\"async\" width=\"1024\" height=\"683\" src=\"https:\/\/iutmagazine.fr\/wp-content\/uploads\/2025\/08\/tc_design-1-1024x683.jpeg\" alt=\"\" class=\"wp-image-1144\" srcset=\"https:\/\/iutmagazine.fr\/wp-content\/uploads\/2025\/08\/tc_design-1-1024x683.jpeg 1024w, https:\/\/iutmagazine.fr\/wp-content\/uploads\/2025\/08\/tc_design-1-300x200.jpeg 300w, https:\/\/iutmagazine.fr\/wp-content\/uploads\/2025\/08\/tc_design-1-768x512.jpeg 768w, https:\/\/iutmagazine.fr\/wp-content\/uploads\/2025\/08\/tc_design-1-1536x1025.jpeg 1536w, https:\/\/iutmagazine.fr\/wp-content\/uploads\/2025\/08\/tc_design-1-2048x1366.jpeg 2048w, https:\/\/iutmagazine.fr\/wp-content\/uploads\/2025\/08\/tc_design-1-600x400.jpeg 600w\" sizes=\"auto, (max-width: 1024px) 100vw, 1024px\" \/><figcaption class=\"wp-element-caption\"><em>Table ronde avec&nbsp;<a href=\"https:\/\/www.linkedin.com\/in\/ACoAAEDkWUUBMdWtHK7qFsj54XLJ7g06xlyJB_M\">Aina Ravoniarison<\/a>&nbsp;( enseignante chercheuse en marketing),<a href=\"https:\/\/www.linkedin.com\/in\/ACoAAAwtEqQB2kLKYDeG7xEfrncvQPsrMVP0AJ8\">Sylvain Bruy\u00e8re<\/a>&nbsp;(dirigeant de Cado Maestro),&nbsp;<a href=\"https:\/\/www.linkedin.com\/in\/ACoAABcLBDYBjrt4StaGFORXJsqs9-0FUuEeyjE\">Sa\u00efd Mellouki<\/a>&nbsp;(chercheur sur l\u2019IA et la gestion des donn\u00e9es dans l\u2019industrie), et S\u00e9bastien Brossard (consultant en conseil num\u00e9rique).&nbsp;<\/em><\/figcaption><\/figure><\/div>\n\n\n<p class=\"has-text-align-center\"><em>Cr\u00e9dit photo : Hubert Genouilhac pour la Fondation de l&rsquo;Universit\u00e9 Jean Monnet<\/em><\/p>\n\n\n\n<hr class=\"wp-block-separator has-alpha-channel-opacity\"\/>\n\n\n\n<p><strong>D\u00e9partement GII<\/strong><\/p>\n\n\n\n<p><strong>GEII<\/strong>&nbsp;: Le week-end du 19 mai 2025, 15 \u00e9tudiants se sont rendus au <strong>tournoi de robotique de la Tour-Du-Pin<\/strong> avec 7 robots Sumo pour d\u00e9fendre les couleurs du d\u00e9partement GEII et de l\u2019IUT.<\/p>\n\n\n\n<p>La journ\u00e9e fut riche en rebondissements et \u00e9motions ! <\/p>\n\n\n\n<p><strong>Leur robot&nbsp;<em>Pluto<\/em>&nbsp;a d\u00e9croch\u00e9 la troisi\u00e8me place du podium en cat\u00e9gorie 2<\/strong> tandis que&nbsp;<strong><em>Rob<\/em>&nbsp;a remport\u00e9 la premi\u00e8re place lors de la Battle Royale.<\/strong> <\/p>\n\n\n\n<p>Bravo au club robotique GEII !<\/p>\n\n\n\n<div class=\"wp-block-columns is-layout-flex wp-container-core-columns-is-layout-9d6595d7 wp-block-columns-is-layout-flex\">\n<div class=\"wp-block-column is-layout-flow wp-block-column-is-layout-flow\"><\/div>\n\n\n\n<div class=\"wp-block-column is-layout-flow wp-block-column-is-layout-flow\"><\/div>\n<\/div>\n\n\n\n<div class=\"wp-block-columns is-layout-flex wp-container-core-columns-is-layout-9d6595d7 wp-block-columns-is-layout-flex\">\n<div class=\"wp-block-column is-layout-flow wp-block-column-is-layout-flow\"><\/div>\n<\/div>\n","protected":false},"excerpt":{"rendered":"<p>Du 10 au 15 mars 2025\u00a0les 22 jeunes de BUT3 GACO parcours MDFS ont eu le plaisir d\u2019accueillir huit \u00e9tudiant-es et deux enseignant-es de l\u2019universit\u00e9 de Grenade. <\/p>\n<p>Du 19 au 24 mai, c\u2019\u00e9tait Grenade qui les invitait pour clore un projet commun.<\/p>\n","protected":false},"author":1,"featured_media":708,"parent":0,"menu_order":0,"comment_status":"closed","ping_status":"closed","template":"","meta":{"footnotes":""},"class_list":["post-456","page","type-page","status-publish","has-post-thumbnail","hentry"],"_links":{"self":[{"href":"https:\/\/iutmagazine.fr\/index.php\/wp-json\/wp\/v2\/pages\/456","targetHints":{"allow":["GET"]}}],"collection":[{"href":"https:\/\/iutmagazine.fr\/index.php\/wp-json\/wp\/v2\/pages"}],"about":[{"href":"https:\/\/iutmagazine.fr\/index.php\/wp-json\/wp\/v2\/types\/page"}],"author":[{"embeddable":true,"href":"https:\/\/iutmagazine.fr\/index.php\/wp-json\/wp\/v2\/users\/1"}],"replies":[{"embeddable":true,"href":"https:\/\/iutmagazine.fr\/index.php\/wp-json\/wp\/v2\/comments?post=456"}],"version-history":[{"count":31,"href":"https:\/\/iutmagazine.fr\/index.php\/wp-json\/wp\/v2\/pages\/456\/revisions"}],"predecessor-version":[{"id":1181,"href":"https:\/\/iutmagazine.fr\/index.php\/wp-json\/wp\/v2\/pages\/456\/revisions\/1181"}],"wp:featuredmedia":[{"embeddable":true,"href":"https:\/\/iutmagazine.fr\/index.php\/wp-json\/wp\/v2\/media\/708"}],"wp:attachment":[{"href":"https:\/\/iutmagazine.fr\/index.php\/wp-json\/wp\/v2\/media?parent=456"}],"curies":[{"name":"wp","href":"https:\/\/api.w.org\/{rel}","templated":true}]}}